{"id":1437,"date":"2025-11-28T01:14:27","date_gmt":"2025-11-28T00:14:27","guid":{"rendered":"https:\/\/huertopia.ovh\/pquotech?page_id=1437"},"modified":"2025-11-28T01:49:23","modified_gmt":"2025-11-28T00:49:23","slug":"blog","status":"publish","type":"page","link":"https:\/\/huertopia.ovh\/pquotech\/blog\/","title":{"rendered":"Blog"},"content":{"rendered":"\t\t<div data-elementor-type=\"wp-page\" data-elementor-id=\"1437\" class=\"elementor elementor-1437\">\n\t\t\t\t<div class=\"elementor-element elementor-element-7406c80 e-flex e-con-boxed e-con e-parent\" data-id=\"7406c80\" data-element_type=\"container\">\n\t\t\t\t\t<div class=\"e-con-inner\">\n\t\t\t\t<div class=\"elementor-element elementor-element-ea519af elementor-widget elementor-widget-heading\" data-id=\"ea519af\" data-element_type=\"widget\" data-widget_type=\"heading.default\">\n\t\t\t\t\t<h2 class=\"elementor-heading-title elementor-size-default\">Entradas<\/h2>\t\t\t\t<\/div>\n\t\t\t\t<div class=\"elementor-element elementor-element-dd9e64b elementor-grid-eael-col-1 elementor-grid-tablet-eael-col-1 elementor-grid-mobile-eael-col-1 elementor-widget elementor-widget-eael-post-grid\" data-id=\"dd9e64b\" data-element_type=\"widget\" data-settings=\"{&quot;eael_post_grid_columns&quot;:&quot;eael-col-1&quot;,&quot;eael_post_grid_columns_tablet&quot;:&quot;eael-col-1&quot;,&quot;eael_post_grid_columns_mobile&quot;:&quot;eael-col-1&quot;}\" data-widget_type=\"eael-post-grid.default\">\n\t\t\t\t\t<div id=\"eael-post-grid-dd9e64b\" class=\"eael-post-grid-container\">\n            <div class=\"eael-post-grid eael-post-appender eael-post-appender-dd9e64b eael-post-grid-style-default\" data-layout-mode=\"masonry\"><article class=\"eael-grid-post eael-post-grid-column\" data-id=\"1598\">\n        <div class=\"eael-grid-post-holder\">\n            <div class=\"eael-grid-post-holder-inner\"><div class=\"eael-entry-wrapper\"><header class=\"eael-entry-header\"><h2 class=\"eael-entry-title\"><a\n                        class=\"eael-grid-post-link\"\n                        href=\"https:\/\/huertopia.ovh\/pquotech\/primera-version-de-huertopia-ya-disponible\/\"\n                        title=\"Primera Versi\u00f3n De Huertop\u00eda Ya Disponible\">Primera Versi\u00f3n De Huertop\u00eda Ya Disponible<\/a><\/h2><\/header><div class=\"eael-entry-header-after\"><div class=\"eael-author-avatar\"><a href=\"https:\/\/huertopia.ovh\/pquotech\/author\/pt_antonio\/\"><img alt='Antonio Mir\u00f3 Dur\u00e1' src='https:\/\/secure.gravatar.com\/avatar\/4c7a209846427bb660c09f2a53f273335351497acc1051aab3364193fdff3cea?s=96&#038;d=mm&#038;r=g' srcset='https:\/\/secure.gravatar.com\/avatar\/4c7a209846427bb660c09f2a53f273335351497acc1051aab3364193fdff3cea?s=192&#038;d=mm&#038;r=g 2x' class='avatar avatar-96 photo' height='96' width='96' \/><\/a><\/div><div class=\"eael-entry-meta\"><span class=\"eael-posted-by\"><a href=\"https:\/\/huertopia.ovh\/pquotech\/author\/pt_antonio\/\" title=\"Entradas de Antonio Mir\u00f3 Dur\u00e1\" rel=\"author\">Antonio Mir\u00f3 Dur\u00e1<\/a><\/span><span class=\"eael-posted-on\"><time datetime=\"9 de enero de 2026\">9 de enero de 2026<\/time><\/span><\/div><\/div><div class=\"eael-entry-content\">\n                        <div class=\"eael-grid-post-excerpt\"><p>\u00a1Hola a todos! \ud83c\udf31 Ya est\u00e1 disponible la primera versi\u00f3n de Huertop\u00eda, tu propio huerto virtual, accesible desde www.huertopia.ovh. En esta primera demo podr\u00e1s: Huertop\u00eda nace con la idea de que crees huertos gemelos virtuales que te ayuden a planificar, aprender y mejorar tu huerto real de una forma sencilla...<\/p><\/div>\n                    <\/div><\/div><div class=\"eael-entry-media\"><div class=\"eael-entry-overlay fade-in\"><i class=\"fas fa-long-arrow-alt-right\" aria-hidden=\"true\"><\/i><a href=\"https:\/\/huertopia.ovh\/pquotech\/primera-version-de-huertopia-ya-disponible\/\"><\/a><\/div><div class=\"eael-entry-thumbnail \">\n                <img decoding=\"async\" width=\"300\" height=\"97\" src=\"https:\/\/huertopia.ovh\/pquotech\/wp-content\/uploads\/2026\/01\/Captura-de-pantalla-2026-01-09-102157-300x97.png\" class=\"attachment-medium size-medium wp-image-1599\" alt=\"\" srcset=\"https:\/\/huertopia.ovh\/pquotech\/wp-content\/uploads\/2026\/01\/Captura-de-pantalla-2026-01-09-102157-300x97.png 300w, https:\/\/huertopia.ovh\/pquotech\/wp-content\/uploads\/2026\/01\/Captura-de-pantalla-2026-01-09-102157-1024x330.png 1024w, https:\/\/huertopia.ovh\/pquotech\/wp-content\/uploads\/2026\/01\/Captura-de-pantalla-2026-01-09-102157-768x247.png 768w, https:\/\/huertopia.ovh\/pquotech\/wp-content\/uploads\/2026\/01\/Captura-de-pantalla-2026-01-09-102157-1536x495.png 1536w, https:\/\/huertopia.ovh\/pquotech\/wp-content\/uploads\/2026\/01\/Captura-de-pantalla-2026-01-09-102157.png 1909w\" sizes=\"(max-width: 300px) 100vw, 300px\" \/>\n            <\/div>\n        <\/div><\/div>\n        <\/div>\n    <\/article><\/div>\n            <div class=\"clearfix\"><\/div>\n        <\/div>\t\t\t\t<\/div>\n\t\t\t\t\t<\/div>\n\t\t\t\t<\/div>\n\t\t\t\t<\/div>\n\t\t","protected":false},"excerpt":{"rendered":"<p>Entradas \u00a1Hola, mundo! Admin24 de noviembre de 2025 Te damos la bienvenida a WordPress. Esta es tu primera entrada. Ed\u00edtala o b\u00f3rrala, \u00a1luego empieza a escribir!<\/p>\n","protected":false},"author":1,"featured_media":1494,"parent":0,"menu_order":0,"comment_status":"closed","ping_status":"closed","template":"","meta":{"footnotes":""},"class_list":["post-1437","page","type-page","status-publish","has-post-thumbnail","hentry"],"blocksy_meta":[],"brizy_media":[],"_links":{"self":[{"href":"https:\/\/huertopia.ovh\/pquotech\/wp-json\/wp\/v2\/pages\/1437","targetHints":{"allow":["GET"]}}],"collection":[{"href":"https:\/\/huertopia.ovh\/pquotech\/wp-json\/wp\/v2\/pages"}],"about":[{"href":"https:\/\/huertopia.ovh\/pquotech\/wp-json\/wp\/v2\/types\/page"}],"author":[{"embeddable":true,"href":"https:\/\/huertopia.ovh\/pquotech\/wp-json\/wp\/v2\/users\/1"}],"replies":[{"embeddable":true,"href":"https:\/\/huertopia.ovh\/pquotech\/wp-json\/wp\/v2\/comments?post=1437"}],"version-history":[{"count":29,"href":"https:\/\/huertopia.ovh\/pquotech\/wp-json\/wp\/v2\/pages\/1437\/revisions"}],"predecessor-version":[{"id":1497,"href":"https:\/\/huertopia.ovh\/pquotech\/wp-json\/wp\/v2\/pages\/1437\/revisions\/1497"}],"wp:featuredmedia":[{"embeddable":true,"href":"https:\/\/huertopia.ovh\/pquotech\/wp-json\/wp\/v2\/media\/1494"}],"wp:attachment":[{"href":"https:\/\/huertopia.ovh\/pquotech\/wp-json\/wp\/v2\/media?parent=1437"}],"curies":[{"name":"wp","href":"https:\/\/api.w.org\/{rel}","templated":true}]}}