{"id":1619,"date":"2026-01-09T20:52:04","date_gmt":"2026-01-09T19:52:04","guid":{"rendered":"https:\/\/huertopia.ovh\/pquotech\/?page_id=1619"},"modified":"2026-01-09T21:04:15","modified_gmt":"2026-01-09T20:04:15","slug":"datos_abiertos","status":"publish","type":"page","link":"https:\/\/huertopia.ovh\/pquotech\/datos_abiertos\/","title":{"rendered":"Datos Abiertos"},"content":{"rendered":"\t\t<div data-elementor-type=\"wp-page\" data-elementor-id=\"1619\" class=\"elementor elementor-1619\">\n\t\t\t\t<div class=\"elementor-element elementor-element-2b705fc e-flex e-con-boxed e-con e-parent\" data-id=\"2b705fc\" data-element_type=\"container\">\n\t\t\t\t\t<div class=\"e-con-inner\">\n\t\t\t\t<div class=\"elementor-element elementor-element-2d5c11d elementor-widget elementor-widget-heading\" data-id=\"2d5c11d\" data-element_type=\"widget\" data-widget_type=\"heading.default\">\n\t\t\t\t\t<h2 class=\"elementor-heading-title elementor-size-default\">Dataset: Uso de cultivos en Huertop\u00eda<\/h2>\t\t\t\t<\/div>\n\t\t\t\t\t<\/div>\n\t\t\t\t<\/div>\n\t\t<div class=\"elementor-element elementor-element-5fadcf2 e-flex e-con-boxed e-con e-parent\" data-id=\"5fadcf2\" data-element_type=\"container\">\n\t\t\t\t\t<div class=\"e-con-inner\">\n\t\t\t\t<div class=\"elementor-element elementor-element-624ea7f elementor-widget elementor-widget-text-editor\" data-id=\"624ea7f\" data-element_type=\"widget\" data-widget_type=\"text-editor.default\">\n\t\t\t\t\t\t\t\t\t<p>Huertop\u00eda publica conjuntos de datos abiertos con informaci\u00f3n agregada obtenida de la simulaci\u00f3n de huertos virtuales en 3D. Estos datos permiten analizar el crecimiento de las plantas y el impacto de las acciones del usuario con fines educativos y de orientaci\u00f3n para la agricultura real.<\/p>\t\t\t\t\t\t\t\t<\/div>\n\t\t\t\t\t<\/div>\n\t\t\t\t<\/div>\n\t\t<div class=\"elementor-element elementor-element-f52473b e-flex e-con-boxed e-con e-parent\" data-id=\"f52473b\" data-element_type=\"container\">\n\t\t\t\t\t<div class=\"e-con-inner\">\n\t\t\t\t<div class=\"elementor-element elementor-element-f82066f elementor-widget elementor-widget-heading\" data-id=\"f82066f\" data-element_type=\"widget\" data-widget_type=\"heading.default\">\n\t\t\t\t\t<h2 class=\"elementor-heading-title elementor-size-default\">Dataset: Simulaci\u00f3n de crecimiento de plantas<span><\/span><\/h2>\t\t\t\t<\/div>\n\t\t\t\t\t<\/div>\n\t\t\t\t<\/div>\n\t\t<div class=\"elementor-element elementor-element-c9051d8 e-flex e-con-boxed e-con e-parent\" data-id=\"c9051d8\" data-element_type=\"container\">\n\t\t\t\t\t<div class=\"e-con-inner\">\n\t\t\t\t<div class=\"elementor-element elementor-element-c1bbb9f elementor-widget elementor-widget-text-editor\" data-id=\"c1bbb9f\" data-element_type=\"widget\" data-widget_type=\"text-editor.default\">\n\t\t\t\t\t\t\t\t\t<p>Este conjunto de datos recoge informaci\u00f3n agregada sobre especies vegetales simuladas en Huertop\u00eda, incluyendo su estado de crecimiento, acciones realizadas y resultados de la simulaci\u00f3n.<\/p><p><strong>Formato:<\/strong> CSV\u00a0\u00a0<\/p><p><strong>Licencia:<\/strong> Creative Commons CC-BY 4.0\u00a0\u00a0<\/p><p><strong>Fecha de creaci\u00f3n:<\/strong> Enero 2026\u00a0\u00a0<\/p><p><strong>Frecuencia de actualizaci\u00f3n:<\/strong> Manual (versi\u00f3n inicial)<\/p><div>\u00a0<\/div>\t\t\t\t\t\t\t\t<\/div>\n\t\t\t\t\t<\/div>\n\t\t\t\t<\/div>\n\t\t<div class=\"elementor-element elementor-element-b807aa1 e-flex e-con-boxed e-con e-parent\" data-id=\"b807aa1\" data-element_type=\"container\">\n\t\t\t\t\t<div class=\"e-con-inner\">\n\t\t\t\t<div class=\"elementor-element elementor-element-8710ae0 elementor-widget elementor-widget-button\" data-id=\"8710ae0\" data-element_type=\"widget\" data-widget_type=\"button.default\">\n\t\t\t\t\t\t\t\t\t\t<a class=\"elementor-button elementor-button-link elementor-size-sm\" href=\"https:\/\/huertopia.ovh\/pquotech\/wp-content\/uploads\/2026\/01\/huertopia_datos.csv\">\n\t\t\t\t\t\t<span class=\"elementor-button-content-wrapper\">\n\t\t\t\t\t\t<span class=\"elementor-button-icon\">\n\t\t\t\t<svg aria-hidden=\"true\" class=\"e-font-icon-svg e-far-arrow-alt-circle-down\" viewBox=\"0 0 512 512\" xmlns=\"http:\/\/www.w3.org\/2000\/svg\"><path d=\"M256 8C119 8 8 119 8 256s111 248 248 248 248-111 248-248S393 8 256 8zm0 448c-110.5 0-200-89.5-200-200S145.5 56 256 56s200 89.5 200 200-89.5 200-200 200zm-32-316v116h-67c-10.7 0-16 12.9-8.5 20.5l99 99c4.7 4.7 12.3 4.7 17 0l99-99c7.6-7.6 2.2-20.5-8.5-20.5h-67V140c0-6.6-5.4-12-12-12h-40c-6.6 0-12 5.4-12 12z\"><\/path><\/svg>\t\t\t<\/span>\n\t\t\t\t\t\t\t\t\t<span class=\"elementor-button-text\">Descargar dataset (CSV)<\/span>\n\t\t\t\t\t<\/span>\n\t\t\t\t\t<\/a>\n\t\t\t\t\t\t\t\t<\/div>\n\t\t\t\t\t<\/div>\n\t\t\t\t<\/div>\n\t\t<div class=\"elementor-element elementor-element-1350742 e-flex e-con-boxed e-con e-parent\" data-id=\"1350742\" data-element_type=\"container\">\n\t\t\t\t\t<div class=\"e-con-inner\">\n\t\t\t\t<div class=\"elementor-element elementor-element-95f283f elementor-widget elementor-widget-text-editor\" data-id=\"95f283f\" data-element_type=\"widget\" data-widget_type=\"text-editor.default\">\n\t\t\t\t\t\t\t\t\t<p>Estructura del conjunto de datos:<\/p><p><strong>\u2022 region:<\/strong> Comunidad aut\u00f3noma de referencia <br \/><strong>\u2022 especie:<\/strong> Especie vegetal simulada <br \/><strong>\u2022 estado_crecimiento:<\/strong> Estado biol\u00f3gico y visual de la planta <br \/><strong>\u2022 acciones_disponibles:<\/strong> Acciones que el usuario puede realizar <br \/><strong>\u2022 frecuencia_riego:<\/strong> Ritmo de riego aplicado <br \/><strong>\u2022 dias_acumulados:<\/strong> D\u00edas simulados hasta el estado actual <br \/><strong>\u2022 estado_salud:<\/strong> Resultado del crecimiento <br \/><strong>\u2022 numero_simulaciones:<\/strong> N\u00famero de plantas virtuales analizadas<\/p>\t\t\t\t\t\t\t\t<\/div>\n\t\t\t\t\t<\/div>\n\t\t\t\t<\/div>\n\t\t<div class=\"elementor-element elementor-element-7727ed1 e-flex e-con-boxed e-con e-parent\" data-id=\"7727ed1\" data-element_type=\"container\">\n\t\t\t\t\t<div class=\"e-con-inner\">\n\t\t\t\t<div class=\"elementor-element elementor-element-07da8ea elementor-widget elementor-widget-heading\" data-id=\"07da8ea\" data-element_type=\"widget\" data-widget_type=\"heading.default\">\n\t\t\t\t\t<h2 class=\"elementor-heading-title elementor-size-default\">Generaci\u00f3n autom\u00e1tica de datos<span><\/span><\/h2>\t\t\t\t<\/div>\n\t\t\t\t\t<\/div>\n\t\t\t\t<\/div>\n\t\t<div class=\"elementor-element elementor-element-12cdcf0 e-flex e-con-boxed e-con e-parent\" data-id=\"12cdcf0\" data-element_type=\"container\">\n\t\t\t\t\t<div class=\"e-con-inner\">\n\t\t\t\t<div class=\"elementor-element elementor-element-1ce243d elementor-widget elementor-widget-text-editor\" data-id=\"1ce243d\" data-element_type=\"widget\" data-widget_type=\"text-editor.default\">\n\t\t\t\t\t\t\t\t\t<p>Este conjunto de datos corresponde a una primera versi\u00f3n de ejemplo cuyo objetivo es definir la estructura de los datos abiertos de Huertop\u00eda. En futuras versiones, los datos se generar\u00e1n autom\u00e1ticamente mediante un endpoint REST que expondr\u00e1 informaci\u00f3n agregada obtenida directamente de la base de datos de la aplicaci\u00f3n.<\/p>\t\t\t\t\t\t\t\t<\/div>\n\t\t\t\t\t<\/div>\n\t\t\t\t<\/div>\n\t\t<div class=\"elementor-element elementor-element-cc3f548 e-flex e-con-boxed e-con e-parent\" data-id=\"cc3f548\" data-element_type=\"container\">\n\t\t\t\t\t<div class=\"e-con-inner\">\n\t\t\t\t<div class=\"elementor-element elementor-element-f41673e elementor-widget elementor-widget-html\" data-id=\"f41673e\" data-element_type=\"widget\" data-widget_type=\"html.default\">\n\t\t\t\t\t<script type=\"application\/ld+json\">\r\n{\r\n  \"@context\": \"https:\/\/schema.org\",\r\n  \"@type\": \"Dataset\",\r\n  \"name\": \"Simulaci\u00f3n de crecimiento de plantas en Huertop\u00eda\",\r\n  \"description\": \"Datos agregados sobre el crecimiento de especies vegetales simuladas en huertos virtuales en 3D.\",\r\n  \"creator\": {\r\n    \"@type\": \"Organization\",\r\n    \"name\": \"Huertop\u00eda\"\r\n  },\r\n  \"license\": \"https:\/\/creativecommons.org\/licenses\/by\/4.0\/\",\r\n  \"distribution\": {\r\n    \"@type\": \"DataDownload\",\r\n    \"encodingFormat\": \"text\/csv\",\r\n    \"contentUrl\": \"https:\/\/huertopia.ovh\/pquotech\/wp-content\/uploads\/2026\/01\/huertopia_datos.csv\"\r\n  }\r\n}\r\n<\/script>\r\n\t\t\t\t<\/div>\n\t\t\t\t\t<\/div>\n\t\t\t\t<\/div>\n\t\t\t\t<\/div>\n\t\t","protected":false},"excerpt":{"rendered":"<p>Dataset: Uso de cultivos en Huertop\u00eda Huertop\u00eda publica conjuntos de datos abiertos con informaci\u00f3n agregada obtenida de la simulaci\u00f3n de huertos virtuales en 3D. Estos datos permiten analizar el crecimiento de las plantas y el impacto de las acciones del usuario con fines educativos y de orientaci\u00f3n para la agricultura real. Dataset: Simulaci\u00f3n de crecimiento [&hellip;]<\/p>\n","protected":false},"author":4,"featured_media":1626,"parent":0,"menu_order":2,"comment_status":"closed","ping_status":"closed","template":"","meta":{"footnotes":""},"class_list":["post-1619","page","type-page","status-publish","has-post-thumbnail","hentry"],"blocksy_meta":[],"brizy_media":[],"_links":{"self":[{"href":"https:\/\/huertopia.ovh\/pquotech\/wp-json\/wp\/v2\/pages\/1619","targetHints":{"allow":["GET"]}}],"collection":[{"href":"https:\/\/huertopia.ovh\/pquotech\/wp-json\/wp\/v2\/pages"}],"about":[{"href":"https:\/\/huertopia.ovh\/pquotech\/wp-json\/wp\/v2\/types\/page"}],"author":[{"embeddable":true,"href":"https:\/\/huertopia.ovh\/pquotech\/wp-json\/wp\/v2\/users\/4"}],"replies":[{"embeddable":true,"href":"https:\/\/huertopia.ovh\/pquotech\/wp-json\/wp\/v2\/comments?post=1619"}],"version-history":[{"count":11,"href":"https:\/\/huertopia.ovh\/pquotech\/wp-json\/wp\/v2\/pages\/1619\/revisions"}],"predecessor-version":[{"id":1632,"href":"https:\/\/huertopia.ovh\/pquotech\/wp-json\/wp\/v2\/pages\/1619\/revisions\/1632"}],"wp:featuredmedia":[{"embeddable":true,"href":"https:\/\/huertopia.ovh\/pquotech\/wp-json\/wp\/v2\/media\/1626"}],"wp:attachment":[{"href":"https:\/\/huertopia.ovh\/pquotech\/wp-json\/wp\/v2\/media?parent=1619"}],"curies":[{"name":"wp","href":"https:\/\/api.w.org\/{rel}","templated":true}]}}