{"id":967,"date":"2022-08-31T07:14:53","date_gmt":"2022-08-31T07:14:53","guid":{"rendered":"https:\/\/startersites.io\/elementor\/charity\/?page_id=967"},"modified":"2025-11-28T02:28:10","modified_gmt":"2025-11-28T01:28:10","slug":"huertopia","status":"publish","type":"page","link":"https:\/\/huertopia.ovh\/pquotech\/huertopia\/","title":{"rendered":"Huertopia"},"content":{"rendered":"\t\t<div data-elementor-type=\"wp-page\" data-elementor-id=\"967\" class=\"elementor elementor-967\">\n\t\t\t\t<div class=\"elementor-element elementor-element-03ae4fc e-flex e-con-boxed e-con e-parent\" data-id=\"03ae4fc\" data-element_type=\"container\">\n\t\t\t\t\t<div class=\"e-con-inner\">\n\t\t\t\t<div class=\"elementor-element elementor-element-041a2f8 elementor-widget elementor-widget-heading\" data-id=\"041a2f8\" data-element_type=\"widget\" data-widget_type=\"heading.default\">\n\t\t\t\t\t<h2 class=\"elementor-heading-title elementor-size-default\">\u00bfQue es Huertopia?<\/h2>\t\t\t\t<\/div>\n\t\t\t\t<div class=\"elementor-element elementor-element-42b498a elementor-widget elementor-widget-text-editor\" data-id=\"42b498a\" data-element_type=\"widget\" data-widget_type=\"text-editor.default\">\n\t\t\t\t\t\t\t\t\t<p>Nuestro gran proyecto es Huertop\u00eda, una ambiciosa aplicaci\u00f3n web que estamos desarrollando con el prop\u00f3sito de simplificar la creaci\u00f3n y gesti\u00f3n de huertos. Aunque la enfocamos principalmente en el usuario que disfruta de un huerto de car\u00e1cter recreativo y a peque\u00f1a escala, hemos implementado funcionalidades que dotan a la plataforma de una robustez que la hace perfectamente utilizable y \u00fatil para la gesti\u00f3n de huertos profesionales.<\/p>\t\t\t\t\t\t\t\t<\/div>\n\t\t\t\t\t<\/div>\n\t\t\t\t<\/div>\n\t\t\t\t<\/div>\n\t\t","protected":false},"excerpt":{"rendered":"<p>\u00bfQue es Huertopia? Nuestro gran proyecto es Huertop\u00eda, una ambiciosa aplicaci\u00f3n web que estamos desarrollando con el prop\u00f3sito de simplificar la creaci\u00f3n y gesti\u00f3n de huertos. Aunque la enfocamos principalmente en el usuario que disfruta de un huerto de car\u00e1cter recreativo y a peque\u00f1a escala, hemos implementado funcionalidades que dotan a la plataforma de una [&hellip;]<\/p>\n","protected":false},"author":1,"featured_media":1501,"parent":0,"menu_order":0,"comment_status":"closed","ping_status":"closed","template":"","meta":{"footnotes":""},"class_list":["post-967","page","type-page","status-publish","has-post-thumbnail","hentry"],"blocksy_meta":{"styles_descriptor":{"styles":{"desktop":"","tablet":"","mobile":""},"google_fonts":[],"version":6}},"brizy_media":[],"_links":{"self":[{"href":"https:\/\/huertopia.ovh\/pquotech\/wp-json\/wp\/v2\/pages\/967","targetHints":{"allow":["GET"]}}],"collection":[{"href":"https:\/\/huertopia.ovh\/pquotech\/wp-json\/wp\/v2\/pages"}],"about":[{"href":"https:\/\/huertopia.ovh\/pquotech\/wp-json\/wp\/v2\/types\/page"}],"author":[{"embeddable":true,"href":"https:\/\/huertopia.ovh\/pquotech\/wp-json\/wp\/v2\/users\/1"}],"replies":[{"embeddable":true,"href":"https:\/\/huertopia.ovh\/pquotech\/wp-json\/wp\/v2\/comments?post=967"}],"version-history":[{"count":29,"href":"https:\/\/huertopia.ovh\/pquotech\/wp-json\/wp\/v2\/pages\/967\/revisions"}],"predecessor-version":[{"id":1525,"href":"https:\/\/huertopia.ovh\/pquotech\/wp-json\/wp\/v2\/pages\/967\/revisions\/1525"}],"wp:featuredmedia":[{"embeddable":true,"href":"https:\/\/huertopia.ovh\/pquotech\/wp-json\/wp\/v2\/media\/1501"}],"wp:attachment":[{"href":"https:\/\/huertopia.ovh\/pquotech\/wp-json\/wp\/v2\/media?parent=967"}],"curies":[{"name":"wp","href":"https:\/\/api.w.org\/{rel}","templated":true}]}}